{"id":11615,"date":"2023-12-18T15:44:53","date_gmt":"2023-12-18T14:44:53","guid":{"rendered":"https:\/\/echappee-en-baie.fr\/conditions-generales-de-vente-seminaires\/"},"modified":"2023-12-18T16:12:44","modified_gmt":"2023-12-18T15:12:44","slug":"conditions-generales-de-vente-seminaires","status":"publish","type":"page","link":"https:\/\/echappee-en-baie.fr\/en\/conditions-generales-de-vente-seminaires\/","title":{"rendered":"General Terms and Conditions of Sale"},"content":{"rendered":"\t\t<div data-elementor-type=\"wp-page\" data-elementor-id=\"11615\" class=\"elementor elementor-11615 elementor-11606\">\n\t\t\t\t\t\t<section class=\"elementor-section elementor-top-section elementor-element elementor-element-363f5090 elementor-section-boxed elementor-section-height-default elementor-section-height-default\" data-id=\"363f5090\" data-element_type=\"section\" data-e-type=\"section\" data-settings=\"{&quot;hoteller_ext_is_background_parallax&quot;:&quot;false&quot;,&quot;hoteller_ext_is_background_on_scroll&quot;:&quot;false&quot;}\">\n\t\t\t\t\t\t<div class=\"elementor-container elementor-column-gap-default\">\n\t\t\t\t\t<div class=\"elementor-column elementor-col-100 elementor-top-column elementor-element elementor-element-33212dc6\" data-id=\"33212dc6\" data-element_type=\"column\" data-e-type=\"column\" data-settings=\"{&quot;hoteller_ext_link_sidemenu&quot;:&quot;false&quot;,&quot;hoteller_ext_link_fullmenu&quot;:&quot;false&quot;,&quot;hoteller_ext_link_closed_fullmenu&quot;:&quot;false&quot;,&quot;hoteller_ext_is_scrollme&quot;:&quot;false&quot;,&quot;hoteller_ext_is_smoove&quot;:&quot;false&quot;,&quot;hoteller_ext_is_parallax_mouse&quot;:&quot;false&quot;,&quot;hoteller_ext_is_infinite&quot;:&quot;false&quot;,&quot;hoteller_ext_is_fadeout_animation&quot;:&quot;false&quot;,&quot;hoteller_ext_mobile_static&quot;:&quot;false&quot;}\">\n\t\t\t<div class=\"elementor-widget-wrap elementor-element-populated\">\n\t\t\t\t\t\t<div class=\"elementor-element elementor-element-7aaea7c elementor-widget elementor-widget-heading\" data-id=\"7aaea7c\" data-element_type=\"widget\" data-e-type=\"widget\" data-settings=\"{&quot;hoteller_ext_link_sidemenu&quot;:&quot;false&quot;,&quot;hoteller_ext_link_fullmenu&quot;:&quot;false&quot;,&quot;hoteller_ext_link_closed_fullmenu&quot;:&quot;false&quot;,&quot;hoteller_ext_is_scrollme&quot;:&quot;false&quot;,&quot;hoteller_ext_is_smoove&quot;:&quot;false&quot;,&quot;hoteller_ext_is_parallax_mouse&quot;:&quot;false&quot;,&quot;hoteller_ext_is_infinite&quot;:&quot;false&quot;,&quot;hoteller_ext_is_fadeout_animation&quot;:&quot;false&quot;,&quot;hoteller_ext_mobile_static&quot;:&quot;false&quot;}\" data-widget_type=\"heading.default\">\n\t\t\t\t<div class=\"elementor-widget-container\">\n\t\t\t\t\t<h1 class=\"elementor-heading-title elementor-size-default\">General Terms and Conditions of Sale for Seminars and Groups - H\u00f4tel Echapp\u00e9e en Baie\u00a0<\/h1>\t\t\t\t<\/div>\n\t\t\t\t<\/div>\n\t\t\t\t<div class=\"elementor-element elementor-element-8eec5a0 elementor-widget elementor-widget-text-editor\" data-id=\"8eec5a0\" data-element_type=\"widget\" data-e-type=\"widget\" data-settings=\"{&quot;hoteller_ext_link_sidemenu&quot;:&quot;false&quot;,&quot;hoteller_ext_link_fullmenu&quot;:&quot;false&quot;,&quot;hoteller_ext_link_closed_fullmenu&quot;:&quot;false&quot;,&quot;hoteller_ext_is_scrollme&quot;:&quot;false&quot;,&quot;hoteller_ext_is_smoove&quot;:&quot;false&quot;,&quot;hoteller_ext_is_parallax_mouse&quot;:&quot;false&quot;,&quot;hoteller_ext_is_infinite&quot;:&quot;false&quot;,&quot;hoteller_ext_is_fadeout_animation&quot;:&quot;false&quot;,&quot;hoteller_ext_mobile_static&quot;:&quot;false&quot;}\" data-widget_type=\"text-editor.default\">\n\t\t\t\t<div class=\"elementor-widget-container\">\n\t\t\t\t\t\t\t\t\t<p><span style=\"font-weight: 400;\">ARTICLE 1: APPLICATION OF THE GENERAL TERMS AND CONDITIONS OF SALE (GTCS) These General Terms and Conditions of Sale (GTCS) apply to the reservation made by the Customer. These GCS are available to Customers on our website. Any reservation therefore implies the Customer&#8217;s full and unreserved acceptance of these conditions.<\/span><\/p><p><span style=\"font-weight: 400;\">For the purposes hereof, the &#8220;Client&#8221; is any individual or legal entity that signs a contract with the hotel with a view to the organisation of an event on its behalf or by a third party. The &#8220;Organiser&#8221; is understood to be any legal entity on whose behalf the event is organised.<\/span><\/p><p><span style=\"font-weight: 400;\">ARTICLE 2: QUOTE-CONFIRMATION BY COMMADE<\/span><\/p><p><span style=\"font-weight: 400;\">Once the details of the event to be organised have been determined. The hotel will send the client a confirmation letter stating the amount of the all-inclusive package. An estimate will be drawn up on request for any additional services not included in the package, which will be invoiced separately. Once the client has sent the signed quotation, this will constitute final confirmation of the order and acceptance of these GTC. In the event that, exceptionally, the participant is required to pay for the package and\/or non- package services provided, the client guarantees, as a last resort, the payment of these services in the event of non-payment by the participant. Consequently, the hotel will invoice the client for all services incurred by a participant but not paid for within 10 days of the end of the event, without the client being able to refuse payment.<\/span><\/p><p><span style=\"font-weight: 400;\">ARTICLE 3: PAYMENT TERMS<\/span><\/p><p><span style=\"font-weight: 400;\">The prices invoiced will be increased by any tax applicable at the rate in force on the date of issue of the invoices. Reservations are not binding on the hotel until the deposit corresponding to 30% of the total amount including tax has been paid. The balance must be paid within 30 days of the invoice date. If payment is not made in accordance with the conditions defined above, the hotel reserves the right to cancel the event after sending a formal notice to which no response has been received within 8 days, without the client or the Organiser being able to claim any compensation in this respect and without prejudice to the hotel&#8217;s right to seek payment of any sum due and\/or compensation for any loss suffered.<\/span><\/p><p>\u00a0<\/p><p>\u00a0<\/p><p><span style=\"font-weight: 400;\">ARTICLE 4: CONDITIONS FOR MODIFYING THE NUMBER OF PARTICIPANTS<\/span><\/p><p><span style=\"font-weight: 400;\">The number of participants may be modified, and the costs will be invoiced according to the following scale:<\/span><\/p><p>\u00a0<\/p><table><tbody><tr><td><p><span style=\"font-weight: 400;\">Date of change in number of participants (written notification)<\/span><\/p><p><span style=\"font-weight: 400;\">From D-30 to D-7<\/span><\/p><\/td><td><p><span style=\"font-weight: 400;\">Number of participants can be changed free of charge<\/span><\/p><\/td><td><p><span style=\"font-weight: 400;\">Fees charged beyond the number<\/span><\/p><\/td><\/tr><tr><td><p><span style=\"font-weight: 400;\">From D-30 to D-<\/span><\/p><\/td><td><p><span style=\"font-weight: 400;\">Maximum 2 guests<\/span><\/p><\/td><td><p><span style=\"font-weight: 400;\">0%<\/span><\/p><\/td><\/tr><tr><td><p><span style=\"font-weight: 400;\">From 6 days before the event<\/span><\/p><\/td><td><p><span style=\"font-weight: 400;\">0<\/span><\/p><\/td><td><p><span style=\"font-weight: 400;\">100 %<\/span><\/p><\/td><\/tr><\/tbody><\/table><p><span style=\"font-weight: 400;\">ARTICLE 5: CANCELLATION OR POSTPONEMENT BY THE CUSTOMER<\/span><\/p><p><span style=\"font-weight: 400;\">In the event of definitive cancellation or postponement of the event, costs will be invoiced according to the scale below:<\/span><\/p><p><span style=\"font-weight: 400;\">If the cancellation is made more than 10 days before the start of the seminar or stay, the entire deposit paid will be returned to the Customer. From 10 days prior to the start date of the seminar or stay, the deposit will be retained by the Hotel and definitively forfeited to the Customer.\u00a0<\/span><\/p><p><span style=\"font-weight: 400;\">Postponements are only possible under the following conditions:\u00a0<\/span><\/p><p><span style=\"font-weight: 400;\">&#8211; 1 postponement only for the same event, within 4 months of the dates of the event initially scheduled (except if the deadline expires in July and August, when postponement is possible in September).<\/span><\/p><p><span style=\"font-weight: 400;\">&#8211; Amount of the postponed event, with application of the pricing conditions in force on the date of the postponed event.\u00a0<\/span><\/p><p><span style=\"font-weight: 400;\">&#8211; Confirmation by the Customer of the date of the postponed event within 15 Days of notification of the postponement.<\/span><\/p><p><span style=\"font-weight: 400;\">\u00a0ARTICLE 6: CANCELLATION BY THE HOTEL<\/span><\/p><p><span style=\"font-weight: 400;\">In the event of a breach by the Client, the hotel may unilaterally cancel any order without compensation to the Client, after sending a formal notice that has remained without effect for a period of 8 days and in particular when the deposit has not been paid.<\/span><\/p><p><span style=\"font-weight: 400;\">ARTICLE 7: PRICES Prices are quoted in Euros. The applicable prices are those in force on the day the reservation is made. Tourist tax is added to the rates. They may be modified in the event of legislative and\/or regulatory changes likely to lead to price variations such as: modification of the applicable VAT rate, introduction of new taxes, etc. The VAT rate applied is the rate in force on the date of invoicing. In any event, if the reservation (number of rooms) is at least 10% lower than the initial reservation, the Customer may be charged new rates for the lower services.<\/span><\/p><p><span style=\"font-weight: 400;\">ARTICLE 8: DEFAULTS, DEGRADATIONS BY THE CUSTOMER The Customer accepts and undertakes to use the room. Any behaviour that is contrary to public decency and public order will lead the Hotel Owner to ask the Customer to leave the establishment without any compensation and\/or without any refund if payment has already been made at the end of the rental period. These deposits will be returned after deduction of any damage, shortcomings or cleaning costs. It is the Customer&#8217;s responsibility to carry out the inventory of fixtures based on the document provided by the Hotel Owner and to report any anomaly to the Hotel reception before 11am on the day after the Customer takes possession of the room.<\/span><\/p><p><span style=\"font-weight: 400;\">ARTICLE 9: INSURANCE-DETERIORATION-THEFT The Customer certifies that he\/she has taken out civil liability insurance to cover any damage caused in the establishment during his\/her stay. The Customer must ensure the safekeeping of the goods and equipment brought by him\/herself. In particular, he\/she is invited to take out specific insurance cover for large items of equipment or valuables, insofar as the establishment cannot be held liable in the event of damage to or theft of the said items. The Customer is responsible for all damage caused by him\/herself and undertakes, in the event of damage to the premises made available, to bear the costs of restoring these premises. Under no circumstances may the establishment be held responsible for damage of any nature whatsoever, in particular fire or theft, that may affect objects or equipment left by the Customer during the period of accommodation. Similarly, any parcel, package, etc. delivered to the hotel before and during the accommodation may be received by the hotel, but under no circumstances may the hotel be held responsible for any incident, deterioration, incorrect number of parcels, damaged parcel or delivery problem. In the event of a problem, the Client undertakes to contact the supplier or carrier directly. The Client and its insurers waive all recourse against the hotel, its staff and its insurers for any direct or indirect prejudice resulting from the total or partial destruction of all equipment, movable objects, fittings, valuables of any kind, goods, as well as the deprivation or disturbance of enjoyment of the premises.<\/span><\/p><p><span style=\"font-weight: 400;\">ARTICLE 10: TOBACCO: Smoking is strictly prohibited in the hotel in accordance with the law of 2 January 2008.\u00a0<\/span><\/p><p><span style=\"font-weight: 400;\">ARTICLE 11: LIABILITY The Hotel may not be held liable in the event of any change in the structure of any nature whatsoever: transfer of establishment, closure of establishment, etc. The photos presented on the website are not contractual. Although every effort is made to ensure that the photographs, graphic representations and texts reproduced to illustrate the Hotel presented give as accurate an idea as possible of the accommodation services offered, variations may occur, particularly due to changes in furniture or possible renovations. The Customer shall not be entitled to any claim as a result. The Hotel may not be held liable for any indirect damage arising from the present contract, in particular operating losses, third-party acts, acts of the Customer or acts of its partners.<\/span><\/p><p><span style=\"font-weight: 400;\">ARTICLE 12: FORCE MAJEURE The obligations contained herein shall not be applicable or shall be suspended if their performance has become impossible due to a case of force majeure such as, in particular: acts of public authority, hostilities, war, natural disasters, fire, flooding, strikes without notice, etc. The parties must make every effort to prevent or reduce the effects of non-performance of the contract caused by an event of force majeure; the party wishing to invoke an event of force majeure must immediately notify the other party of the beginning and end of this event, failing which it may not be relieved of its liability.<\/span><\/p><p><span style=\"font-weight: 400;\">ARTICLE 13: AMENDMENT These GTC may be amended at any time. In this case, the Hotel will inform the Customer of the changes before the start of the services. The new version of the GTC shall then apply to the relationship between the parties.<\/span><\/p><p><span style=\"font-weight: 400;\">ARTICLE 14: PARTIAL NULLITY The nullity of one or more articles of these GCS shall not entail the nullity of the GCS as a whole. All the other stipulations herein shall remain applicable and shall produce all their effects.\u00a0<\/span><\/p><p>\u00a0<\/p><p>\u00a0<\/p><p><span style=\"font-weight: 400;\">ARTICLE 15: CLAIMS AND DISPUTES In the event of a dispute, claim or disagreement concerning part of the invoice, the Customer undertakes to pay the undisputed part without delay and to inform the establishment concerned in writing of the reason for and the amount of the dispute, within 7 days of the end of the accommodation. Once this period has elapsed, the service and the invoice are considered to have been accepted and cannot give rise to any subsequent complaint on the part of the Customer. In the event of a dispute, and in the absence of an amicable agreement, the competent courts will be those of the location of the registered office of the company operating the establishment.\u00a0<\/span><\/p><p><span style=\"font-weight: 400;\">ARTICLE 16: APPLICABLE LAW The applicable law is French law.<\/span><\/p><p><span style=\"font-weight: 400;\">\u00a0<\/span><\/p><p><br style=\"font-weight: 400;\" \/><br style=\"font-weight: 400;\" \/><\/p>\t\t\t\t\t\t\t\t<\/div>\n\t\t\t\t<\/div>\n\t\t\t\t\t<\/div>\n\t\t<\/div>\n\t\t\t\t\t<\/div>\n\t\t<\/section>\n\t\t\t\t<\/div>\n\t\t","protected":false},"excerpt":{"rendered":"<p>General Terms and Conditions of Sale for Seminars and Groups &#8211; H\u00f4tel Echapp\u00e9e en Baie\u00a0 ARTICLE 1: APPLICATION OF THE GENERAL TERMS AND CONDITIONS OF SALE (GTCS) These General Terms and Conditions of Sale (GTCS) apply to the reservation made [&hellip;]<\/p>\n","protected":false},"author":1,"featured_media":0,"parent":0,"menu_order":0,"comment_status":"closed","ping_status":"closed","template":"","meta":{"footnotes":""},"class_list":["post-11615","page","type-page","status-publish","hentry"],"yoast_head":"<!-- This site is optimized with the Yoast SEO plugin v27.2 - https:\/\/yoast.com\/product\/yoast-seo-wordpress\/ -->\n<title>General Terms and Conditions of Sale - \u00c9chapp\u00e9e en Baie<\/title>\n<meta name=\"robots\" content=\"noindex, nofollow\" \/>\n<meta property=\"og:locale\" content=\"en_US\" \/>\n<meta property=\"og:type\" content=\"article\" \/>\n<meta property=\"og:title\" content=\"General Terms and Conditions of Sale - \u00c9chapp\u00e9e en Baie\" \/>\n<meta property=\"og:description\" content=\"General Terms and Conditions of Sale for Seminars and Groups &#8211; H\u00f4tel Echapp\u00e9e en Baie\u00a0 ARTICLE 1: APPLICATION OF THE GENERAL TERMS AND CONDITIONS OF SALE (GTCS) These General Terms and Conditions of Sale (GTCS) apply to the reservation made [&hellip;]\" \/>\n<meta property=\"og:url\" content=\"https:\/\/echappee-en-baie.fr\/en\/conditions-generales-de-vente-seminaires\/\" \/>\n<meta property=\"og:site_name\" content=\"\u00c9chapp\u00e9e en Baie\" \/>\n<meta property=\"article:modified_time\" content=\"2023-12-18T15:12:44+00:00\" \/>\n<meta name=\"twitter:card\" content=\"summary_large_image\" \/>\n<meta name=\"twitter:label1\" content=\"Est. reading time\" \/>\n\t<meta name=\"twitter:data1\" content=\"9 minutes\" \/>\n<script type=\"application\/ld+json\" class=\"yoast-schema-graph\">{\"@context\":\"https:\/\/schema.org\",\"@graph\":[{\"@type\":\"WebPage\",\"@id\":\"https:\/\/echappee-en-baie.fr\/en\/conditions-generales-de-vente-seminaires\/\",\"url\":\"https:\/\/echappee-en-baie.fr\/en\/conditions-generales-de-vente-seminaires\/\",\"name\":\"General Terms and Conditions of Sale - \u00c9chapp\u00e9e en Baie\",\"isPartOf\":{\"@id\":\"https:\/\/echappee-en-baie.fr\/en\/#website\"},\"datePublished\":\"2023-12-18T14:44:53+00:00\",\"dateModified\":\"2023-12-18T15:12:44+00:00\",\"breadcrumb\":{\"@id\":\"https:\/\/echappee-en-baie.fr\/en\/conditions-generales-de-vente-seminaires\/#breadcrumb\"},\"inLanguage\":\"en-US\",\"potentialAction\":[{\"@type\":\"ReadAction\",\"target\":[\"https:\/\/echappee-en-baie.fr\/en\/conditions-generales-de-vente-seminaires\/\"]}]},{\"@type\":\"BreadcrumbList\",\"@id\":\"https:\/\/echappee-en-baie.fr\/en\/conditions-generales-de-vente-seminaires\/#breadcrumb\",\"itemListElement\":[{\"@type\":\"ListItem\",\"position\":1,\"name\":\"Accueil\",\"item\":\"https:\/\/echappee-en-baie.fr\/en\/\"},{\"@type\":\"ListItem\",\"position\":2,\"name\":\"General Terms and Conditions of Sale\"}]},{\"@type\":\"WebSite\",\"@id\":\"https:\/\/echappee-en-baie.fr\/en\/#website\",\"url\":\"https:\/\/echappee-en-baie.fr\/en\/\",\"name\":\"\u00c9chapp\u00e9e en Baie\",\"description\":\"H\u00f4tel \u00c9chapp\u00e9e en Baie\",\"potentialAction\":[{\"@type\":\"SearchAction\",\"target\":{\"@type\":\"EntryPoint\",\"urlTemplate\":\"https:\/\/echappee-en-baie.fr\/en\/?s={search_term_string}\"},\"query-input\":{\"@type\":\"PropertyValueSpecification\",\"valueRequired\":true,\"valueName\":\"search_term_string\"}}],\"inLanguage\":\"en-US\"}]}<\/script>\n<!-- \/ Yoast SEO plugin. -->","yoast_head_json":{"title":"General Terms and Conditions of Sale - \u00c9chapp\u00e9e en Baie","robots":{"index":"noindex","follow":"nofollow"},"og_locale":"en_US","og_type":"article","og_title":"General Terms and Conditions of Sale - \u00c9chapp\u00e9e en Baie","og_description":"General Terms and Conditions of Sale for Seminars and Groups &#8211; H\u00f4tel Echapp\u00e9e en Baie\u00a0 ARTICLE 1: APPLICATION OF THE GENERAL TERMS AND CONDITIONS OF SALE (GTCS) These General Terms and Conditions of Sale (GTCS) apply to the reservation made [&hellip;]","og_url":"https:\/\/echappee-en-baie.fr\/en\/conditions-generales-de-vente-seminaires\/","og_site_name":"\u00c9chapp\u00e9e en Baie","article_modified_time":"2023-12-18T15:12:44+00:00","twitter_card":"summary_large_image","twitter_misc":{"Est. reading time":"9 minutes"},"schema":{"@context":"https:\/\/schema.org","@graph":[{"@type":"WebPage","@id":"https:\/\/echappee-en-baie.fr\/en\/conditions-generales-de-vente-seminaires\/","url":"https:\/\/echappee-en-baie.fr\/en\/conditions-generales-de-vente-seminaires\/","name":"General Terms and Conditions of Sale - \u00c9chapp\u00e9e en Baie","isPartOf":{"@id":"https:\/\/echappee-en-baie.fr\/en\/#website"},"datePublished":"2023-12-18T14:44:53+00:00","dateModified":"2023-12-18T15:12:44+00:00","breadcrumb":{"@id":"https:\/\/echappee-en-baie.fr\/en\/conditions-generales-de-vente-seminaires\/#breadcrumb"},"inLanguage":"en-US","potentialAction":[{"@type":"ReadAction","target":["https:\/\/echappee-en-baie.fr\/en\/conditions-generales-de-vente-seminaires\/"]}]},{"@type":"BreadcrumbList","@id":"https:\/\/echappee-en-baie.fr\/en\/conditions-generales-de-vente-seminaires\/#breadcrumb","itemListElement":[{"@type":"ListItem","position":1,"name":"Accueil","item":"https:\/\/echappee-en-baie.fr\/en\/"},{"@type":"ListItem","position":2,"name":"General Terms and Conditions of Sale"}]},{"@type":"WebSite","@id":"https:\/\/echappee-en-baie.fr\/en\/#website","url":"https:\/\/echappee-en-baie.fr\/en\/","name":"\u00c9chapp\u00e9e en Baie","description":"H\u00f4tel \u00c9chapp\u00e9e en Baie","potentialAction":[{"@type":"SearchAction","target":{"@type":"EntryPoint","urlTemplate":"https:\/\/echappee-en-baie.fr\/en\/?s={search_term_string}"},"query-input":{"@type":"PropertyValueSpecification","valueRequired":true,"valueName":"search_term_string"}}],"inLanguage":"en-US"}]}},"_links":{"self":[{"href":"https:\/\/echappee-en-baie.fr\/en\/wp-json\/wp\/v2\/pages\/11615","targetHints":{"allow":["GET"]}}],"collection":[{"href":"https:\/\/echappee-en-baie.fr\/en\/wp-json\/wp\/v2\/pages"}],"about":[{"href":"https:\/\/echappee-en-baie.fr\/en\/wp-json\/wp\/v2\/types\/page"}],"author":[{"embeddable":true,"href":"https:\/\/echappee-en-baie.fr\/en\/wp-json\/wp\/v2\/users\/1"}],"replies":[{"embeddable":true,"href":"https:\/\/echappee-en-baie.fr\/en\/wp-json\/wp\/v2\/comments?post=11615"}],"version-history":[{"count":13,"href":"https:\/\/echappee-en-baie.fr\/en\/wp-json\/wp\/v2\/pages\/11615\/revisions"}],"predecessor-version":[{"id":11628,"href":"https:\/\/echappee-en-baie.fr\/en\/wp-json\/wp\/v2\/pages\/11615\/revisions\/11628"}],"wp:attachment":[{"href":"https:\/\/echappee-en-baie.fr\/en\/wp-json\/wp\/v2\/media?parent=11615"}],"curies":[{"name":"wp","href":"https:\/\/api.w.org\/{rel}","templated":true}]}}